{"id":626,"date":"2024-08-26T20:55:00","date_gmt":"2024-08-26T20:55:00","guid":{"rendered":"http:\/\/mkb.cl\/?page_id=626"},"modified":"2024-10-24T19:25:14","modified_gmt":"2024-10-24T19:25:14","slug":"areas-de-practica","status":"publish","type":"page","link":"https:\/\/mkb.cl\/en\/areas-de-practica\/","title":{"rendered":"Practice Areas"},"content":{"rendered":"<p><\/p>\n\n\n\n<p><strong>Environmental Impact Assessment System<\/strong><\/p>\n\n\n\n<p style=\"text-align: justify;\">i. Advice during the processing of environmental impact assessment studies and declarations, pertinence consultations, administrative claims and other related to environmental permitting of investment projects<\/p>\n\n\n\n<p style=\"text-align: justify;\">ii. Assistance in regard to the strategy for engagement with the authority for the submission of an investment project to the environmental impact assessment system and during its processing.<\/p>\n\n\n\n<p><strong>Assistance with Sectorial Permits<\/strong><\/p>\n\n\n\n<p style=\"text-align: justify;\">i. Access to the territory, before the Ministries of National Assets, Undersecretariat for the Armed Forces, among others.<\/p>\n\n\n\n<p style=\"text-align: justify;\">ii. Territorial compatibility, favorable reports for construction, permits for baseline development, declaration of national interest (CONAF), archaeological excavation permits, among others.<\/p>\n\n\n\n<p>iii. Mixed sectorial permits.<\/p>\n\n\n\n<p><strong>New laws and regulations that impact investment<\/strong><\/p>\n\n\n\n<p>i. Legal advice and analysis of the impact of new laws and regulations on investment.<\/p>\n\n\n\n<p style=\"text-align: justify;\">ii. Assistance in strategy for engagement with the authority for discussion about new laws and\nregulations.<\/p>\n\n\n\n<p><strong>Support regarding engagement with State agencies and authorities<\/strong><\/p>\n\n\n\n<p style=\"text-align: justify;\">Advice for relations with authorities and State organizations for procedures related to investment projects.<\/p>\n\n\n\n<p><\/p>","protected":false},"excerpt":{"rendered":"<p>Sistema de Evaluaci\u00f3n de Impacto Ambiental i. Asesor\u00eda durante la tramitaci\u00f3n de declaraciones y estudios de impacto ambiental, consultas de pertinencia, recursos de reclamaci\u00f3n y administrativos y otros relacionados a la permisolog\u00eda ambiental de proyectos de inversi\u00f3n. ii. Asistencia en la defici\u00f3n de estrategia de relacionamiento con la Autoridad para el ingreso de un proyecto de inversi\u00f3n al sistema de evaluaci\u00f3n de impacto ambiental y durante su tramitaci\u00f3n. Asistencia con Permisos Sectoriales i. Acceso al territorio, ante el Ministerio de Bienes Nacionales, Subsecretar\u00eda para las Fuerzas Armadas, entre otros. ii. Compatibilidad territorial, informes favorables para la construcci\u00f3n, permisos para el desarrollo de l\u00edneas base, declaraci\u00f3n de inter\u00e9s nacional (CONAF), permisos de excavaci\u00f3n arqueol\u00f3gica, entre otros. iii. Permisos sectoriales mixtos. Nueva Normativa y regulaciones que impactan a la inversi\u00f3n i. Asesor\u00eda legal y an\u00e1lisis del impacto en inversiones de nueva normativa y regulaciones. ii. Asistencia en la definici\u00f3n de estrategia de relacionamiento con la autoridad para discusi\u00f3n acerca de nueva normativa y regulaciones. Acompa\u00f1amiento en el desarrollo de gestiones ante los organismos del Estado Asesor\u00eda para el relacionamiento con autoridades y organismos del Estado para gestiones relativas a proyectos de inversi\u00f3n.<\/p>","protected":false},"author":1,"featured_media":0,"parent":0,"menu_order":0,"comment_status":"closed","ping_status":"closed","template":"","meta":{"footnotes":""},"class_list":["post-626","page","type-page","status-publish","hentry"],"yoast_head":"<!-- This site is optimized with the Yoast SEO plugin v27.3 - https:\/\/yoast.com\/product\/yoast-seo-wordpress\/ -->\n<title>\u00c1reas de Pr\u00e1ctica - Marcela Klein B<\/title>\n<meta name=\"robots\" content=\"index, follow, max-snippet:-1, max-image-preview:large, max-video-preview:-1\" \/>\n<link rel=\"canonical\" href=\"https:\/\/mkb.cl\/en\/areas-de-practica\/\" \/>\n<meta property=\"og:locale\" content=\"en_US\" \/>\n<meta property=\"og:type\" content=\"article\" \/>\n<meta property=\"og:title\" content=\"\u00c1reas de Pr\u00e1ctica - Marcela Klein B\" \/>\n<meta property=\"og:description\" content=\"Sistema de Evaluaci\u00f3n de Impacto Ambiental i. Asesor\u00eda durante la tramitaci\u00f3n de declaraciones y estudios de impacto ambiental, consultas de pertinencia, recursos de reclamaci\u00f3n y administrativos y otros relacionados a la permisolog\u00eda ambiental de proyectos de inversi\u00f3n. ii. Asistencia en la defici\u00f3n de estrategia de relacionamiento con la Autoridad para el ingreso de un proyecto de inversi\u00f3n al sistema de evaluaci\u00f3n de impacto ambiental y durante su tramitaci\u00f3n. Asistencia con Permisos Sectoriales i. Acceso al territorio, ante el Ministerio de Bienes Nacionales, Subsecretar\u00eda para las Fuerzas Armadas, entre otros. ii. Compatibilidad territorial, informes favorables para la construcci\u00f3n, permisos para el desarrollo de l\u00edneas base, declaraci\u00f3n de inter\u00e9s nacional (CONAF), permisos de excavaci\u00f3n arqueol\u00f3gica, entre otros. iii. Permisos sectoriales mixtos. Nueva Normativa y regulaciones que impactan a la inversi\u00f3n i. Asesor\u00eda legal y an\u00e1lisis del impacto en inversiones de nueva normativa y regulaciones. ii. Asistencia en la definici\u00f3n de estrategia de relacionamiento con la autoridad para discusi\u00f3n acerca de nueva normativa y regulaciones. Acompa\u00f1amiento en el desarrollo de gestiones ante los organismos del Estado Asesor\u00eda para el relacionamiento con autoridades y organismos del Estado para gestiones relativas a proyectos de inversi\u00f3n.\" \/>\n<meta property=\"og:url\" content=\"https:\/\/mkb.cl\/en\/areas-de-practica\/\" \/>\n<meta property=\"og:site_name\" content=\"Marcela Klein B\" \/>\n<meta property=\"article:modified_time\" content=\"2024-10-24T19:25:14+00:00\" \/>\n<meta name=\"twitter:card\" content=\"summary_large_image\" \/>\n<meta name=\"twitter:label1\" content=\"Est. reading time\" \/>\n\t<meta name=\"twitter:data1\" content=\"1 minute\" \/>\n<script type=\"application\/ld+json\" class=\"yoast-schema-graph\">{\"@context\":\"https:\\\/\\\/schema.org\",\"@graph\":[{\"@type\":\"WebPage\",\"@id\":\"https:\\\/\\\/mkb.cl\\\/areas-de-practica\\\/\",\"url\":\"https:\\\/\\\/mkb.cl\\\/areas-de-practica\\\/\",\"name\":\"\u00c1reas de Pr\u00e1ctica - Marcela Klein B\",\"isPartOf\":{\"@id\":\"https:\\\/\\\/mkb.cl\\\/#website\"},\"datePublished\":\"2024-08-26T20:55:00+00:00\",\"dateModified\":\"2024-10-24T19:25:14+00:00\",\"breadcrumb\":{\"@id\":\"https:\\\/\\\/mkb.cl\\\/areas-de-practica\\\/#breadcrumb\"},\"inLanguage\":\"en-US\",\"potentialAction\":[{\"@type\":\"ReadAction\",\"target\":[\"https:\\\/\\\/mkb.cl\\\/areas-de-practica\\\/\"]}]},{\"@type\":\"BreadcrumbList\",\"@id\":\"https:\\\/\\\/mkb.cl\\\/areas-de-practica\\\/#breadcrumb\",\"itemListElement\":[{\"@type\":\"ListItem\",\"position\":1,\"name\":\"Portada\",\"item\":\"https:\\\/\\\/mkb.cl\\\/\"},{\"@type\":\"ListItem\",\"position\":2,\"name\":\"\u00c1reas de Pr\u00e1ctica\"}]},{\"@type\":\"WebSite\",\"@id\":\"https:\\\/\\\/mkb.cl\\\/#website\",\"url\":\"https:\\\/\\\/mkb.cl\\\/\",\"name\":\"Marcela Klein B\",\"description\":\"Consultor&iacute;a Legal\",\"publisher\":{\"@id\":\"https:\\\/\\\/mkb.cl\\\/#organization\"},\"potentialAction\":[{\"@type\":\"SearchAction\",\"target\":{\"@type\":\"EntryPoint\",\"urlTemplate\":\"https:\\\/\\\/mkb.cl\\\/?s={search_term_string}\"},\"query-input\":{\"@type\":\"PropertyValueSpecification\",\"valueRequired\":true,\"valueName\":\"search_term_string\"}}],\"inLanguage\":\"en-US\"},{\"@type\":\"Organization\",\"@id\":\"https:\\\/\\\/mkb.cl\\\/#organization\",\"name\":\"Marcela Klein B\",\"url\":\"https:\\\/\\\/mkb.cl\\\/\",\"logo\":{\"@type\":\"ImageObject\",\"inLanguage\":\"en-US\",\"@id\":\"https:\\\/\\\/mkb.cl\\\/#\\\/schema\\\/logo\\\/image\\\/\",\"url\":\"\",\"contentUrl\":\"\",\"caption\":\"Marcela Klein B\"},\"image\":{\"@id\":\"https:\\\/\\\/mkb.cl\\\/#\\\/schema\\\/logo\\\/image\\\/\"}}]}<\/script>\n<!-- \/ Yoast SEO plugin. -->","yoast_head_json":{"title":"\u00c1reas de Pr\u00e1ctica - Marcela Klein B","robots":{"index":"index","follow":"follow","max-snippet":"max-snippet:-1","max-image-preview":"max-image-preview:large","max-video-preview":"max-video-preview:-1"},"canonical":"https:\/\/mkb.cl\/en\/areas-de-practica\/","og_locale":"en_US","og_type":"article","og_title":"\u00c1reas de Pr\u00e1ctica - Marcela Klein B","og_description":"Sistema de Evaluaci\u00f3n de Impacto Ambiental i. Asesor\u00eda durante la tramitaci\u00f3n de declaraciones y estudios de impacto ambiental, consultas de pertinencia, recursos de reclamaci\u00f3n y administrativos y otros relacionados a la permisolog\u00eda ambiental de proyectos de inversi\u00f3n. ii. Asistencia en la defici\u00f3n de estrategia de relacionamiento con la Autoridad para el ingreso de un proyecto de inversi\u00f3n al sistema de evaluaci\u00f3n de impacto ambiental y durante su tramitaci\u00f3n. Asistencia con Permisos Sectoriales i. Acceso al territorio, ante el Ministerio de Bienes Nacionales, Subsecretar\u00eda para las Fuerzas Armadas, entre otros. ii. Compatibilidad territorial, informes favorables para la construcci\u00f3n, permisos para el desarrollo de l\u00edneas base, declaraci\u00f3n de inter\u00e9s nacional (CONAF), permisos de excavaci\u00f3n arqueol\u00f3gica, entre otros. iii. Permisos sectoriales mixtos. Nueva Normativa y regulaciones que impactan a la inversi\u00f3n i. Asesor\u00eda legal y an\u00e1lisis del impacto en inversiones de nueva normativa y regulaciones. ii. Asistencia en la definici\u00f3n de estrategia de relacionamiento con la autoridad para discusi\u00f3n acerca de nueva normativa y regulaciones. Acompa\u00f1amiento en el desarrollo de gestiones ante los organismos del Estado Asesor\u00eda para el relacionamiento con autoridades y organismos del Estado para gestiones relativas a proyectos de inversi\u00f3n.","og_url":"https:\/\/mkb.cl\/en\/areas-de-practica\/","og_site_name":"Marcela Klein B","article_modified_time":"2024-10-24T19:25:14+00:00","twitter_card":"summary_large_image","twitter_misc":{"Est. reading time":"1 minute"},"schema":{"@context":"https:\/\/schema.org","@graph":[{"@type":"WebPage","@id":"https:\/\/mkb.cl\/areas-de-practica\/","url":"https:\/\/mkb.cl\/areas-de-practica\/","name":"\u00c1reas de Pr\u00e1ctica - Marcela Klein B","isPartOf":{"@id":"https:\/\/mkb.cl\/#website"},"datePublished":"2024-08-26T20:55:00+00:00","dateModified":"2024-10-24T19:25:14+00:00","breadcrumb":{"@id":"https:\/\/mkb.cl\/areas-de-practica\/#breadcrumb"},"inLanguage":"en-US","potentialAction":[{"@type":"ReadAction","target":["https:\/\/mkb.cl\/areas-de-practica\/"]}]},{"@type":"BreadcrumbList","@id":"https:\/\/mkb.cl\/areas-de-practica\/#breadcrumb","itemListElement":[{"@type":"ListItem","position":1,"name":"Portada","item":"https:\/\/mkb.cl\/"},{"@type":"ListItem","position":2,"name":"\u00c1reas de Pr\u00e1ctica"}]},{"@type":"WebSite","@id":"https:\/\/mkb.cl\/#website","url":"https:\/\/mkb.cl\/","name":"Marcela Klein B","description":"Consultor&iacute;a Legal","publisher":{"@id":"https:\/\/mkb.cl\/#organization"},"potentialAction":[{"@type":"SearchAction","target":{"@type":"EntryPoint","urlTemplate":"https:\/\/mkb.cl\/?s={search_term_string}"},"query-input":{"@type":"PropertyValueSpecification","valueRequired":true,"valueName":"search_term_string"}}],"inLanguage":"en-US"},{"@type":"Organization","@id":"https:\/\/mkb.cl\/#organization","name":"Marcela Klein B","url":"https:\/\/mkb.cl\/","logo":{"@type":"ImageObject","inLanguage":"en-US","@id":"https:\/\/mkb.cl\/#\/schema\/logo\/image\/","url":"","contentUrl":"","caption":"Marcela Klein B"},"image":{"@id":"https:\/\/mkb.cl\/#\/schema\/logo\/image\/"}}]}},"_links":{"self":[{"href":"https:\/\/mkb.cl\/en\/wp-json\/wp\/v2\/pages\/626","targetHints":{"allow":["GET"]}}],"collection":[{"href":"https:\/\/mkb.cl\/en\/wp-json\/wp\/v2\/pages"}],"about":[{"href":"https:\/\/mkb.cl\/en\/wp-json\/wp\/v2\/types\/page"}],"author":[{"embeddable":true,"href":"https:\/\/mkb.cl\/en\/wp-json\/wp\/v2\/users\/1"}],"replies":[{"embeddable":true,"href":"https:\/\/mkb.cl\/en\/wp-json\/wp\/v2\/comments?post=626"}],"version-history":[{"count":10,"href":"https:\/\/mkb.cl\/en\/wp-json\/wp\/v2\/pages\/626\/revisions"}],"predecessor-version":[{"id":745,"href":"https:\/\/mkb.cl\/en\/wp-json\/wp\/v2\/pages\/626\/revisions\/745"}],"wp:attachment":[{"href":"https:\/\/mkb.cl\/en\/wp-json\/wp\/v2\/media?parent=626"}],"curies":[{"name":"wp","href":"https:\/\/api.w.org\/{rel}","templated":true}]}}