{"id":624,"date":"2024-08-26T20:54:38","date_gmt":"2024-08-26T20:54:38","guid":{"rendered":"http:\/\/mkb.cl\/?page_id=624"},"modified":"2024-11-05T23:30:56","modified_gmt":"2024-11-05T23:30:56","slug":"trayectoria","status":"publish","type":"page","link":"https:\/\/mkb.cl\/en\/trayectoria\/","title":{"rendered":"Professional Experience"},"content":{"rendered":"<figure class=\"wp-block-image alignleft size-large is-resized\"><img fetchpriority=\"high\" decoding=\"async\" width=\"731\" height=\"1024\" src=\"https:\/\/mkb.cl\/wp-content\/uploads\/2024\/11\/Marcela_2-Foto-731x1024.jpg\" alt=\"\" class=\"wp-image-762\" style=\"width:202px;height:auto\" srcset=\"https:\/\/mkb.cl\/wp-content\/uploads\/2024\/11\/Marcela_2-Foto-731x1024.jpg 731w, https:\/\/mkb.cl\/wp-content\/uploads\/2024\/11\/Marcela_2-Foto-214x300.jpg 214w, https:\/\/mkb.cl\/wp-content\/uploads\/2024\/11\/Marcela_2-Foto-768x1075.jpg 768w, https:\/\/mkb.cl\/wp-content\/uploads\/2024\/11\/Marcela_2-Foto-9x12.jpg 9w, https:\/\/mkb.cl\/wp-content\/uploads\/2024\/11\/Marcela_2-Foto.jpg 850w\" sizes=\"(max-width: 731px) 100vw, 731px\" \/><\/figure>\n\n\n\n<p class=\"has-text-align-left\"><p style=\"text-align: justify;\">Lawyer from the University of Chile, Master in International Law, Investments and Trade (LL.M.) from the Universities of Chile and Heidelberg in Germany and a diploma in Trade Law and International Business from the University of Chile.<\/p><\/p>\n\n\n\n<p class=\"has-text-align-left\"><p style=\"text-align: justify;\">With an extensive professional career of more than 23 years of experience, 18 of which she has spent in the public sector, she has specialized in the monitoring and follow-up of permits for investment projects in its different institutional instances.<\/p><\/p>\n\n\n\n<p><p style=\"text-align: justify;\">Throught her career she has worked in matters related to investments, dealing with ICSID, OECD and APEC, and has assumed the role of Executive Secretary, legal coordination and project manager of the Sustainable Project Management Office (GPS), managing the work of sectorial advisors in charge of the monitoring and follow-up of investment projects. She has also been an advisor to various Ministers of Economy on environmental issues, assisting them in their role before the Committee of Ministers for Reclamation and the Council of Ministers for Sustainability.<\/p><\/p>\n\n\n\n<p><p style=\"text-align: justify;\">Within the framework of these functions, she developed a permanent coordination with various ministries, services and public agencies of the state administration, acquiring valuable experience in the granting of permits to investment projects. She also participated in the analysis of numerous normative, legal and regulatory proposals, with a direct impact on investment projects and in the generation of proposals for improvement in terms of permits.<\/p><\/p>\n\n\n\n<p><p style=\"text-align: justify;\">Representative of the Ministry of Economy, Development and Tourism, in the Presidential Advisory Commission for the evaluation of the Environmental Impact Assessment System and in the Consensus Roundtable for Indigenous Consultation for new consultation regulations in accordance with ILO Convention 169. She has been an advisor on matters of the law on marine coastal spaces of indigenous peoples (Lafkenche Law) and the coastal border.<\/p><\/p>\n\n\n\n<p><\/p>","protected":false},"excerpt":{"rendered":"<p>Abogada de la Universidad de Chile, Mag\u00edster en Derecho Internacional, Inversiones y Comercio (LL.M.) de las Universidades de Chile y Heidelberg de Alemania y diplomada en Derecho del Comercio y Negocios Internacionales de la Universidad de Chile. Con una dilatada trayectoria profesional de m\u00e1s de 23 a\u00f1os de experiencia, 18 de los cuales ha desempe\u00f1ado en el sector p\u00fablico, se ha especializado en el seguimiento y monitoreo de permisos para proyectos de inversi\u00f3n en sus distintas instancias institucionales. A lo largo de su carrera se ha desempe\u00f1ado en materias relativas a inversiones, relacion\u00e1ndose con CIADI, OCDE y APEC, y ha asumido el rol de Secretaria Ejecutiva, coordinaci\u00f3n legal y jefatura de proyectos de la Oficina de Gesti\u00f3n de Proyectos Sustentables (GPS), gestionando la labor de asesores sectorialistas encargados del seguimiento y monitoreo de proyectos de inversi\u00f3n. Asimismo, ha sido asesora de distintos Ministros de Econom\u00eda en temas ambientales, asistiendo a estos en su rol ante el Comit\u00e9 de Ministros para la Reclamaci\u00f3n y el Consejo de Ministros para la Sustentabilidad. En el marco de dichas funciones, desarroll\u00f3 una permanente coordinaci\u00f3n con distintos ministerios, servicios y organismos p\u00fablicos de la administraci\u00f3n del Estado, adquiriendo una valiosa experiencia en el otorgamiento de permisos a proyectos de inversi\u00f3n. Particip\u00f3, adem\u00e1s. en el an\u00e1lisis de numerosas propuestas normativas, legales y reglamentarias, con impacto directo en proyectos de inversi\u00f3n y en la generaci\u00f3n de propuestas de mejora en materia de permisos. Representante del Ministerio de Econom\u00eda, Fomento y Turismo en la Comisi\u00f3n Asesora Presidencial para la evaluaci\u00f3n del Sistema de Evaluaci\u00f3n de Impacto Ambiental y en la Mesa de Consenso para la Consulta Ind\u00edgena para una nueva normativa de consulta de acuerdo al Convenio OIT 169. Ha sido asesora en materias de ley de espacios costeros marinos de pueblos originarios (Ley Lafkenche) y de borde costero.<\/p>","protected":false},"author":1,"featured_media":0,"parent":0,"menu_order":0,"comment_status":"closed","ping_status":"closed","template":"","meta":{"footnotes":""},"class_list":["post-624","page","type-page","status-publish","hentry"],"yoast_head":"<!-- This site is optimized with the Yoast SEO plugin v27.3 - https:\/\/yoast.com\/product\/yoast-seo-wordpress\/ -->\n<title>Trayectoria - Marcela Klein B<\/title>\n<meta name=\"robots\" content=\"index, follow, max-snippet:-1, max-image-preview:large, max-video-preview:-1\" \/>\n<link rel=\"canonical\" href=\"https:\/\/mkb.cl\/en\/trayectoria\/\" \/>\n<meta property=\"og:locale\" content=\"en_US\" \/>\n<meta property=\"og:type\" content=\"article\" \/>\n<meta property=\"og:title\" content=\"Trayectoria - Marcela Klein B\" \/>\n<meta property=\"og:description\" content=\"Abogada de la Universidad de Chile, Mag\u00edster en Derecho Internacional, Inversiones y Comercio (LL.M.) de las Universidades de Chile y Heidelberg de Alemania y diplomada en Derecho del Comercio y Negocios Internacionales de la Universidad de Chile. Con una dilatada trayectoria profesional de m\u00e1s de 23 a\u00f1os de experiencia, 18 de los cuales ha desempe\u00f1ado en el sector p\u00fablico, se ha especializado en el seguimiento y monitoreo de permisos para proyectos de inversi\u00f3n en sus distintas instancias institucionales. A lo largo de su carrera se ha desempe\u00f1ado en materias relativas a inversiones, relacion\u00e1ndose con CIADI, OCDE y APEC, y ha asumido el rol de Secretaria Ejecutiva, coordinaci\u00f3n legal y jefatura de proyectos de la Oficina de Gesti\u00f3n de Proyectos Sustentables (GPS), gestionando la labor de asesores sectorialistas encargados del seguimiento y monitoreo de proyectos de inversi\u00f3n. Asimismo, ha sido asesora de distintos Ministros de Econom\u00eda en temas ambientales, asistiendo a estos en su rol ante el Comit\u00e9 de Ministros para la Reclamaci\u00f3n y el Consejo de Ministros para la Sustentabilidad. En el marco de dichas funciones, desarroll\u00f3 una permanente coordinaci\u00f3n con distintos ministerios, servicios y organismos p\u00fablicos de la administraci\u00f3n del Estado, adquiriendo una valiosa experiencia en el otorgamiento de permisos a proyectos de inversi\u00f3n. Particip\u00f3, adem\u00e1s. en el an\u00e1lisis de numerosas propuestas normativas, legales y reglamentarias, con impacto directo en proyectos de inversi\u00f3n y en la generaci\u00f3n de propuestas de mejora en materia de permisos. Representante del Ministerio de Econom\u00eda, Fomento y Turismo en la Comisi\u00f3n Asesora Presidencial para la evaluaci\u00f3n del Sistema de Evaluaci\u00f3n de Impacto Ambiental y en la Mesa de Consenso para la Consulta Ind\u00edgena para una nueva normativa de consulta de acuerdo al Convenio OIT 169. Ha sido asesora en materias de ley de espacios costeros marinos de pueblos originarios (Ley Lafkenche) y de borde costero.\" \/>\n<meta property=\"og:url\" content=\"https:\/\/mkb.cl\/en\/trayectoria\/\" \/>\n<meta property=\"og:site_name\" content=\"Marcela Klein B\" \/>\n<meta property=\"article:modified_time\" content=\"2024-11-05T23:30:56+00:00\" \/>\n<meta property=\"og:image\" content=\"https:\/\/mkb.cl\/wp-content\/uploads\/2024\/11\/Marcela_2-Foto.jpg\" \/>\n\t<meta property=\"og:image:width\" content=\"850\" \/>\n\t<meta property=\"og:image:height\" content=\"1190\" \/>\n\t<meta property=\"og:image:type\" content=\"image\/jpeg\" \/>\n<meta name=\"twitter:card\" content=\"summary_large_image\" \/>\n<meta name=\"twitter:label1\" content=\"Est. reading time\" \/>\n\t<meta name=\"twitter:data1\" content=\"2 minutes\" \/>\n<script type=\"application\/ld+json\" class=\"yoast-schema-graph\">{\"@context\":\"https:\\\/\\\/schema.org\",\"@graph\":[{\"@type\":\"WebPage\",\"@id\":\"https:\\\/\\\/mkb.cl\\\/trayectoria\\\/\",\"url\":\"https:\\\/\\\/mkb.cl\\\/trayectoria\\\/\",\"name\":\"Trayectoria - Marcela Klein B\",\"isPartOf\":{\"@id\":\"https:\\\/\\\/mkb.cl\\\/#website\"},\"primaryImageOfPage\":{\"@id\":\"https:\\\/\\\/mkb.cl\\\/trayectoria\\\/#primaryimage\"},\"image\":{\"@id\":\"https:\\\/\\\/mkb.cl\\\/trayectoria\\\/#primaryimage\"},\"thumbnailUrl\":\"https:\\\/\\\/mkb.cl\\\/wp-content\\\/uploads\\\/2024\\\/11\\\/Marcela_2-Foto-731x1024.jpg\",\"datePublished\":\"2024-08-26T20:54:38+00:00\",\"dateModified\":\"2024-11-05T23:30:56+00:00\",\"breadcrumb\":{\"@id\":\"https:\\\/\\\/mkb.cl\\\/trayectoria\\\/#breadcrumb\"},\"inLanguage\":\"en-US\",\"potentialAction\":[{\"@type\":\"ReadAction\",\"target\":[\"https:\\\/\\\/mkb.cl\\\/trayectoria\\\/\"]}]},{\"@type\":\"ImageObject\",\"inLanguage\":\"en-US\",\"@id\":\"https:\\\/\\\/mkb.cl\\\/trayectoria\\\/#primaryimage\",\"url\":\"https:\\\/\\\/mkb.cl\\\/wp-content\\\/uploads\\\/2024\\\/11\\\/Marcela_2-Foto-731x1024.jpg\",\"contentUrl\":\"https:\\\/\\\/mkb.cl\\\/wp-content\\\/uploads\\\/2024\\\/11\\\/Marcela_2-Foto-731x1024.jpg\"},{\"@type\":\"BreadcrumbList\",\"@id\":\"https:\\\/\\\/mkb.cl\\\/trayectoria\\\/#breadcrumb\",\"itemListElement\":[{\"@type\":\"ListItem\",\"position\":1,\"name\":\"Portada\",\"item\":\"https:\\\/\\\/mkb.cl\\\/\"},{\"@type\":\"ListItem\",\"position\":2,\"name\":\"Trayectoria\"}]},{\"@type\":\"WebSite\",\"@id\":\"https:\\\/\\\/mkb.cl\\\/#website\",\"url\":\"https:\\\/\\\/mkb.cl\\\/\",\"name\":\"Marcela Klein B\",\"description\":\"Consultor&iacute;a Legal\",\"publisher\":{\"@id\":\"https:\\\/\\\/mkb.cl\\\/#organization\"},\"potentialAction\":[{\"@type\":\"SearchAction\",\"target\":{\"@type\":\"EntryPoint\",\"urlTemplate\":\"https:\\\/\\\/mkb.cl\\\/?s={search_term_string}\"},\"query-input\":{\"@type\":\"PropertyValueSpecification\",\"valueRequired\":true,\"valueName\":\"search_term_string\"}}],\"inLanguage\":\"en-US\"},{\"@type\":\"Organization\",\"@id\":\"https:\\\/\\\/mkb.cl\\\/#organization\",\"name\":\"Marcela Klein B\",\"url\":\"https:\\\/\\\/mkb.cl\\\/\",\"logo\":{\"@type\":\"ImageObject\",\"inLanguage\":\"en-US\",\"@id\":\"https:\\\/\\\/mkb.cl\\\/#\\\/schema\\\/logo\\\/image\\\/\",\"url\":\"\",\"contentUrl\":\"\",\"caption\":\"Marcela Klein B\"},\"image\":{\"@id\":\"https:\\\/\\\/mkb.cl\\\/#\\\/schema\\\/logo\\\/image\\\/\"}}]}<\/script>\n<!-- \/ Yoast SEO plugin. -->","yoast_head_json":{"title":"Trayectoria - Marcela Klein B","robots":{"index":"index","follow":"follow","max-snippet":"max-snippet:-1","max-image-preview":"max-image-preview:large","max-video-preview":"max-video-preview:-1"},"canonical":"https:\/\/mkb.cl\/en\/trayectoria\/","og_locale":"en_US","og_type":"article","og_title":"Trayectoria - Marcela Klein B","og_description":"Abogada de la Universidad de Chile, Mag\u00edster en Derecho Internacional, Inversiones y Comercio (LL.M.) de las Universidades de Chile y Heidelberg de Alemania y diplomada en Derecho del Comercio y Negocios Internacionales de la Universidad de Chile. Con una dilatada trayectoria profesional de m\u00e1s de 23 a\u00f1os de experiencia, 18 de los cuales ha desempe\u00f1ado en el sector p\u00fablico, se ha especializado en el seguimiento y monitoreo de permisos para proyectos de inversi\u00f3n en sus distintas instancias institucionales. A lo largo de su carrera se ha desempe\u00f1ado en materias relativas a inversiones, relacion\u00e1ndose con CIADI, OCDE y APEC, y ha asumido el rol de Secretaria Ejecutiva, coordinaci\u00f3n legal y jefatura de proyectos de la Oficina de Gesti\u00f3n de Proyectos Sustentables (GPS), gestionando la labor de asesores sectorialistas encargados del seguimiento y monitoreo de proyectos de inversi\u00f3n. Asimismo, ha sido asesora de distintos Ministros de Econom\u00eda en temas ambientales, asistiendo a estos en su rol ante el Comit\u00e9 de Ministros para la Reclamaci\u00f3n y el Consejo de Ministros para la Sustentabilidad. En el marco de dichas funciones, desarroll\u00f3 una permanente coordinaci\u00f3n con distintos ministerios, servicios y organismos p\u00fablicos de la administraci\u00f3n del Estado, adquiriendo una valiosa experiencia en el otorgamiento de permisos a proyectos de inversi\u00f3n. Particip\u00f3, adem\u00e1s. en el an\u00e1lisis de numerosas propuestas normativas, legales y reglamentarias, con impacto directo en proyectos de inversi\u00f3n y en la generaci\u00f3n de propuestas de mejora en materia de permisos. Representante del Ministerio de Econom\u00eda, Fomento y Turismo en la Comisi\u00f3n Asesora Presidencial para la evaluaci\u00f3n del Sistema de Evaluaci\u00f3n de Impacto Ambiental y en la Mesa de Consenso para la Consulta Ind\u00edgena para una nueva normativa de consulta de acuerdo al Convenio OIT 169. Ha sido asesora en materias de ley de espacios costeros marinos de pueblos originarios (Ley Lafkenche) y de borde costero.","og_url":"https:\/\/mkb.cl\/en\/trayectoria\/","og_site_name":"Marcela Klein B","article_modified_time":"2024-11-05T23:30:56+00:00","og_image":[{"width":850,"height":1190,"url":"https:\/\/mkb.cl\/wp-content\/uploads\/2024\/11\/Marcela_2-Foto.jpg","type":"image\/jpeg"}],"twitter_card":"summary_large_image","twitter_misc":{"Est. reading time":"2 minutes"},"schema":{"@context":"https:\/\/schema.org","@graph":[{"@type":"WebPage","@id":"https:\/\/mkb.cl\/trayectoria\/","url":"https:\/\/mkb.cl\/trayectoria\/","name":"Trayectoria - Marcela Klein B","isPartOf":{"@id":"https:\/\/mkb.cl\/#website"},"primaryImageOfPage":{"@id":"https:\/\/mkb.cl\/trayectoria\/#primaryimage"},"image":{"@id":"https:\/\/mkb.cl\/trayectoria\/#primaryimage"},"thumbnailUrl":"https:\/\/mkb.cl\/wp-content\/uploads\/2024\/11\/Marcela_2-Foto-731x1024.jpg","datePublished":"2024-08-26T20:54:38+00:00","dateModified":"2024-11-05T23:30:56+00:00","breadcrumb":{"@id":"https:\/\/mkb.cl\/trayectoria\/#breadcrumb"},"inLanguage":"en-US","potentialAction":[{"@type":"ReadAction","target":["https:\/\/mkb.cl\/trayectoria\/"]}]},{"@type":"ImageObject","inLanguage":"en-US","@id":"https:\/\/mkb.cl\/trayectoria\/#primaryimage","url":"https:\/\/mkb.cl\/wp-content\/uploads\/2024\/11\/Marcela_2-Foto-731x1024.jpg","contentUrl":"https:\/\/mkb.cl\/wp-content\/uploads\/2024\/11\/Marcela_2-Foto-731x1024.jpg"},{"@type":"BreadcrumbList","@id":"https:\/\/mkb.cl\/trayectoria\/#breadcrumb","itemListElement":[{"@type":"ListItem","position":1,"name":"Portada","item":"https:\/\/mkb.cl\/"},{"@type":"ListItem","position":2,"name":"Trayectoria"}]},{"@type":"WebSite","@id":"https:\/\/mkb.cl\/#website","url":"https:\/\/mkb.cl\/","name":"Marcela Klein B","description":"Consultor&iacute;a Legal","publisher":{"@id":"https:\/\/mkb.cl\/#organization"},"potentialAction":[{"@type":"SearchAction","target":{"@type":"EntryPoint","urlTemplate":"https:\/\/mkb.cl\/?s={search_term_string}"},"query-input":{"@type":"PropertyValueSpecification","valueRequired":true,"valueName":"search_term_string"}}],"inLanguage":"en-US"},{"@type":"Organization","@id":"https:\/\/mkb.cl\/#organization","name":"Marcela Klein B","url":"https:\/\/mkb.cl\/","logo":{"@type":"ImageObject","inLanguage":"en-US","@id":"https:\/\/mkb.cl\/#\/schema\/logo\/image\/","url":"","contentUrl":"","caption":"Marcela Klein B"},"image":{"@id":"https:\/\/mkb.cl\/#\/schema\/logo\/image\/"}}]}},"_links":{"self":[{"href":"https:\/\/mkb.cl\/en\/wp-json\/wp\/v2\/pages\/624","targetHints":{"allow":["GET"]}}],"collection":[{"href":"https:\/\/mkb.cl\/en\/wp-json\/wp\/v2\/pages"}],"about":[{"href":"https:\/\/mkb.cl\/en\/wp-json\/wp\/v2\/types\/page"}],"author":[{"embeddable":true,"href":"https:\/\/mkb.cl\/en\/wp-json\/wp\/v2\/users\/1"}],"replies":[{"embeddable":true,"href":"https:\/\/mkb.cl\/en\/wp-json\/wp\/v2\/comments?post=624"}],"version-history":[{"count":10,"href":"https:\/\/mkb.cl\/en\/wp-json\/wp\/v2\/pages\/624\/revisions"}],"predecessor-version":[{"id":765,"href":"https:\/\/mkb.cl\/en\/wp-json\/wp\/v2\/pages\/624\/revisions\/765"}],"wp:attachment":[{"href":"https:\/\/mkb.cl\/en\/wp-json\/wp\/v2\/media?parent=624"}],"curies":[{"name":"wp","href":"https:\/\/api.w.org\/{rel}","templated":true}]}}