{"id":622,"date":"2024-08-26T20:53:43","date_gmt":"2024-08-26T20:53:43","guid":{"rendered":"http:\/\/mkb.cl\/?page_id=622"},"modified":"2024-10-24T19:27:13","modified_gmt":"2024-10-24T19:27:13","slug":"consultoria","status":"publish","type":"page","link":"https:\/\/mkb.cl\/en\/consultoria\/","title":{"rendered":"Consultancy"},"content":{"rendered":"<p style=\"text-align: justify;\">Marcela Klein Bronfman provides specialized consulting services in matters related to permits for the development of investment projects and strategic legal advice for the engagement of its owners with State agencies.<\/p>\n\n\n\n<p style=\"text-align: justify;\">Her advice relies on personalized attention, which allows her clients to understand the particularities of the different stages that are part of the State's ecosystem of permits and authorizations for the development of their projects.<\/p>\n\n\n\n<p style=\"text-align: justify;\">In the context of a reality characterized by increasing regulatory complexities and relevant legal uncertainties, Marcela provides its clients with comprehensive legal advice, which allows them to comprehend the functioning of the permits system, identify the strengths and weaknesses of their initiatives and design the best strategy for engagement with different public authorities in an effective manner.<\/p>\n\n\n\n<p style=\"text-align: justify;\">The professional assistance she provides is based on extensive experience in the sector and a deep knowledge of the functioning of the State, allowing her to provide appropriate assistance according to the peculiarities of each investment project, with a sense of urgency.<\/p>\n\n\n\n<p style=\"text-align: justify;\">Moreover, she also provides legal advice and strategic assistance in regard to the engagement and support of companies and interest groups with State agencies, in the processes of the creation of new regulations or developing public policies that impact their specific activities.<\/p>","protected":false},"excerpt":{"rendered":"<p>Marcela Klein Bronfman, presta servicios de consultor\u00eda especializada en materias relativas a permisos para el desarrollo de proyectos de inversi\u00f3n y de asesor\u00eda jur\u00eddica estrat\u00e9gica para el relacionamiento de sus titulares con los organismos del Estado. Su asesor\u00eda se caracteriza por una atenci\u00f3n personalizada, que permite a sus clientes comprender las particularidades de las diferentes etapas que forman parte del ecosistema de permisos y autorizaciones del Estado para la materializaci\u00f3n de sus proyectos. En el marco de una realidad caracterizada por crecientes complejidades regulatorias y relevantes incertezas jur\u00eddicas, Marcela coloca a disposici\u00f3n de sus clientes una asesor\u00eda legal integral, que les permite familiarizarse con el funcionamiento del sistema, identificar las fortalezas y debilidades de sus iniciativas y dise\u00f1ar la mejor estrategia para su relacionamiento con los diferentes \u00f3rganos p\u00fablicos de una manera efectiva. La asistencia profesional que brinda se sustenta en una amplia experiencia en el sector y un profundo conocimiento del funcionamiento del Estado, permitiendo entregar una asistencia adecuada a las caracter\u00edsticas de cada proyecto de inversi\u00f3n, con un sentido de urgencia. Asimismo, provee orientaci\u00f3n jur\u00eddica y asistencia estrat\u00e9gica en el relacionamiento y acompa\u00f1amiento de empresas y grupos de inter\u00e9s ante los organismos del Estado, en los procesos de generaci\u00f3n de nuevas normativas o desarrollo de pol\u00edticas p\u00fablicas que incidan en sus actividades espec\u00edficas.<\/p>","protected":false},"author":1,"featured_media":0,"parent":0,"menu_order":0,"comment_status":"closed","ping_status":"closed","template":"","meta":{"footnotes":""},"class_list":["post-622","page","type-page","status-publish","hentry"],"yoast_head":"<!-- This site is optimized with the Yoast SEO plugin v27.3 - https:\/\/yoast.com\/product\/yoast-seo-wordpress\/ -->\n<title>Consultor\u00eda - Marcela Klein B<\/title>\n<meta name=\"robots\" content=\"index, follow, max-snippet:-1, max-image-preview:large, max-video-preview:-1\" \/>\n<link rel=\"canonical\" href=\"https:\/\/mkb.cl\/en\/consultoria\/\" \/>\n<meta property=\"og:locale\" content=\"en_US\" \/>\n<meta property=\"og:type\" content=\"article\" \/>\n<meta property=\"og:title\" content=\"Consultor\u00eda - Marcela Klein B\" \/>\n<meta property=\"og:description\" content=\"Marcela Klein Bronfman, presta servicios de consultor\u00eda especializada en materias relativas a permisos para el desarrollo de proyectos de inversi\u00f3n y de asesor\u00eda jur\u00eddica estrat\u00e9gica para el relacionamiento de sus titulares con los organismos del Estado. Su asesor\u00eda se caracteriza por una atenci\u00f3n personalizada, que permite a sus clientes comprender las particularidades de las diferentes etapas que forman parte del ecosistema de permisos y autorizaciones del Estado para la materializaci\u00f3n de sus proyectos. En el marco de una realidad caracterizada por crecientes complejidades regulatorias y relevantes incertezas jur\u00eddicas, Marcela coloca a disposici\u00f3n de sus clientes una asesor\u00eda legal integral, que les permite familiarizarse con el funcionamiento del sistema, identificar las fortalezas y debilidades de sus iniciativas y dise\u00f1ar la mejor estrategia para su relacionamiento con los diferentes \u00f3rganos p\u00fablicos de una manera efectiva. La asistencia profesional que brinda se sustenta en una amplia experiencia en el sector y un profundo conocimiento del funcionamiento del Estado, permitiendo entregar una asistencia adecuada a las caracter\u00edsticas de cada proyecto de inversi\u00f3n, con un sentido de urgencia. Asimismo, provee orientaci\u00f3n jur\u00eddica y asistencia estrat\u00e9gica en el relacionamiento y acompa\u00f1amiento de empresas y grupos de inter\u00e9s ante los organismos del Estado, en los procesos de generaci\u00f3n de nuevas normativas o desarrollo de pol\u00edticas p\u00fablicas que incidan en sus actividades espec\u00edficas.\" \/>\n<meta property=\"og:url\" content=\"https:\/\/mkb.cl\/en\/consultoria\/\" \/>\n<meta property=\"og:site_name\" content=\"Marcela Klein B\" \/>\n<meta property=\"article:modified_time\" content=\"2024-10-24T19:27:13+00:00\" \/>\n<meta name=\"twitter:card\" content=\"summary_large_image\" \/>\n<meta name=\"twitter:label1\" content=\"Est. reading time\" \/>\n\t<meta name=\"twitter:data1\" content=\"1 minute\" \/>\n<script type=\"application\/ld+json\" class=\"yoast-schema-graph\">{\"@context\":\"https:\\\/\\\/schema.org\",\"@graph\":[{\"@type\":\"WebPage\",\"@id\":\"https:\\\/\\\/mkb.cl\\\/consultoria\\\/\",\"url\":\"https:\\\/\\\/mkb.cl\\\/consultoria\\\/\",\"name\":\"Consultor\u00eda - Marcela Klein B\",\"isPartOf\":{\"@id\":\"https:\\\/\\\/mkb.cl\\\/#website\"},\"datePublished\":\"2024-08-26T20:53:43+00:00\",\"dateModified\":\"2024-10-24T19:27:13+00:00\",\"breadcrumb\":{\"@id\":\"https:\\\/\\\/mkb.cl\\\/consultoria\\\/#breadcrumb\"},\"inLanguage\":\"en-US\",\"potentialAction\":[{\"@type\":\"ReadAction\",\"target\":[\"https:\\\/\\\/mkb.cl\\\/consultoria\\\/\"]}]},{\"@type\":\"BreadcrumbList\",\"@id\":\"https:\\\/\\\/mkb.cl\\\/consultoria\\\/#breadcrumb\",\"itemListElement\":[{\"@type\":\"ListItem\",\"position\":1,\"name\":\"Portada\",\"item\":\"https:\\\/\\\/mkb.cl\\\/\"},{\"@type\":\"ListItem\",\"position\":2,\"name\":\"Consultor\u00eda\"}]},{\"@type\":\"WebSite\",\"@id\":\"https:\\\/\\\/mkb.cl\\\/#website\",\"url\":\"https:\\\/\\\/mkb.cl\\\/\",\"name\":\"Marcela Klein B\",\"description\":\"Consultor&iacute;a Legal\",\"publisher\":{\"@id\":\"https:\\\/\\\/mkb.cl\\\/#organization\"},\"potentialAction\":[{\"@type\":\"SearchAction\",\"target\":{\"@type\":\"EntryPoint\",\"urlTemplate\":\"https:\\\/\\\/mkb.cl\\\/?s={search_term_string}\"},\"query-input\":{\"@type\":\"PropertyValueSpecification\",\"valueRequired\":true,\"valueName\":\"search_term_string\"}}],\"inLanguage\":\"en-US\"},{\"@type\":\"Organization\",\"@id\":\"https:\\\/\\\/mkb.cl\\\/#organization\",\"name\":\"Marcela Klein B\",\"url\":\"https:\\\/\\\/mkb.cl\\\/\",\"logo\":{\"@type\":\"ImageObject\",\"inLanguage\":\"en-US\",\"@id\":\"https:\\\/\\\/mkb.cl\\\/#\\\/schema\\\/logo\\\/image\\\/\",\"url\":\"\",\"contentUrl\":\"\",\"caption\":\"Marcela Klein B\"},\"image\":{\"@id\":\"https:\\\/\\\/mkb.cl\\\/#\\\/schema\\\/logo\\\/image\\\/\"}}]}<\/script>\n<!-- \/ Yoast SEO plugin. -->","yoast_head_json":{"title":"Consultor\u00eda - Marcela Klein B","robots":{"index":"index","follow":"follow","max-snippet":"max-snippet:-1","max-image-preview":"max-image-preview:large","max-video-preview":"max-video-preview:-1"},"canonical":"https:\/\/mkb.cl\/en\/consultoria\/","og_locale":"en_US","og_type":"article","og_title":"Consultor\u00eda - Marcela Klein B","og_description":"Marcela Klein Bronfman, presta servicios de consultor\u00eda especializada en materias relativas a permisos para el desarrollo de proyectos de inversi\u00f3n y de asesor\u00eda jur\u00eddica estrat\u00e9gica para el relacionamiento de sus titulares con los organismos del Estado. Su asesor\u00eda se caracteriza por una atenci\u00f3n personalizada, que permite a sus clientes comprender las particularidades de las diferentes etapas que forman parte del ecosistema de permisos y autorizaciones del Estado para la materializaci\u00f3n de sus proyectos. En el marco de una realidad caracterizada por crecientes complejidades regulatorias y relevantes incertezas jur\u00eddicas, Marcela coloca a disposici\u00f3n de sus clientes una asesor\u00eda legal integral, que les permite familiarizarse con el funcionamiento del sistema, identificar las fortalezas y debilidades de sus iniciativas y dise\u00f1ar la mejor estrategia para su relacionamiento con los diferentes \u00f3rganos p\u00fablicos de una manera efectiva. La asistencia profesional que brinda se sustenta en una amplia experiencia en el sector y un profundo conocimiento del funcionamiento del Estado, permitiendo entregar una asistencia adecuada a las caracter\u00edsticas de cada proyecto de inversi\u00f3n, con un sentido de urgencia. Asimismo, provee orientaci\u00f3n jur\u00eddica y asistencia estrat\u00e9gica en el relacionamiento y acompa\u00f1amiento de empresas y grupos de inter\u00e9s ante los organismos del Estado, en los procesos de generaci\u00f3n de nuevas normativas o desarrollo de pol\u00edticas p\u00fablicas que incidan en sus actividades espec\u00edficas.","og_url":"https:\/\/mkb.cl\/en\/consultoria\/","og_site_name":"Marcela Klein B","article_modified_time":"2024-10-24T19:27:13+00:00","twitter_card":"summary_large_image","twitter_misc":{"Est. reading time":"1 minute"},"schema":{"@context":"https:\/\/schema.org","@graph":[{"@type":"WebPage","@id":"https:\/\/mkb.cl\/consultoria\/","url":"https:\/\/mkb.cl\/consultoria\/","name":"Consultor\u00eda - Marcela Klein B","isPartOf":{"@id":"https:\/\/mkb.cl\/#website"},"datePublished":"2024-08-26T20:53:43+00:00","dateModified":"2024-10-24T19:27:13+00:00","breadcrumb":{"@id":"https:\/\/mkb.cl\/consultoria\/#breadcrumb"},"inLanguage":"en-US","potentialAction":[{"@type":"ReadAction","target":["https:\/\/mkb.cl\/consultoria\/"]}]},{"@type":"BreadcrumbList","@id":"https:\/\/mkb.cl\/consultoria\/#breadcrumb","itemListElement":[{"@type":"ListItem","position":1,"name":"Portada","item":"https:\/\/mkb.cl\/"},{"@type":"ListItem","position":2,"name":"Consultor\u00eda"}]},{"@type":"WebSite","@id":"https:\/\/mkb.cl\/#website","url":"https:\/\/mkb.cl\/","name":"Marcela Klein B","description":"Consultor&iacute;a Legal","publisher":{"@id":"https:\/\/mkb.cl\/#organization"},"potentialAction":[{"@type":"SearchAction","target":{"@type":"EntryPoint","urlTemplate":"https:\/\/mkb.cl\/?s={search_term_string}"},"query-input":{"@type":"PropertyValueSpecification","valueRequired":true,"valueName":"search_term_string"}}],"inLanguage":"en-US"},{"@type":"Organization","@id":"https:\/\/mkb.cl\/#organization","name":"Marcela Klein B","url":"https:\/\/mkb.cl\/","logo":{"@type":"ImageObject","inLanguage":"en-US","@id":"https:\/\/mkb.cl\/#\/schema\/logo\/image\/","url":"","contentUrl":"","caption":"Marcela Klein B"},"image":{"@id":"https:\/\/mkb.cl\/#\/schema\/logo\/image\/"}}]}},"_links":{"self":[{"href":"https:\/\/mkb.cl\/en\/wp-json\/wp\/v2\/pages\/622","targetHints":{"allow":["GET"]}}],"collection":[{"href":"https:\/\/mkb.cl\/en\/wp-json\/wp\/v2\/pages"}],"about":[{"href":"https:\/\/mkb.cl\/en\/wp-json\/wp\/v2\/types\/page"}],"author":[{"embeddable":true,"href":"https:\/\/mkb.cl\/en\/wp-json\/wp\/v2\/users\/1"}],"replies":[{"embeddable":true,"href":"https:\/\/mkb.cl\/en\/wp-json\/wp\/v2\/comments?post=622"}],"version-history":[{"count":3,"href":"https:\/\/mkb.cl\/en\/wp-json\/wp\/v2\/pages\/622\/revisions"}],"predecessor-version":[{"id":747,"href":"https:\/\/mkb.cl\/en\/wp-json\/wp\/v2\/pages\/622\/revisions\/747"}],"wp:attachment":[{"href":"https:\/\/mkb.cl\/en\/wp-json\/wp\/v2\/media?parent=622"}],"curies":[{"name":"wp","href":"https:\/\/api.w.org\/{rel}","templated":true}]}}